{"id":2346464,"date":"2023-01-17T21:17:01","date_gmt":"2023-01-17T20:17:01","guid":{"rendered":"https:\/\/staging.polis180.civilisten.io\/?page_id=2346464"},"modified":"2025-12-23T01:35:31","modified_gmt":"2025-12-23T00:35:31","slug":"ueber-uns","status":"publish","type":"page","link":"https:\/\/polis180.org\/ls\/ueber-uns\/","title":{"rendered":"\u00dcber uns"},"content":{"rendered":"<section class=\"wpb-content-wrapper\"><p>[vc_row][vc_column][vc_column_text]<\/p>\n<h1 style=\"text-align: center;\">\u00dcber uns<\/h1>\n<p>[\/vc_column_text][vc_single_image image=&#8221;2348187&#8243; img_size=&#8221;full&#8221;][\/vc_column][\/vc_row][vc_row el_class=&#8221;ueber-uns-textblock&#8221;][vc_column][vc_row_inner][vc_column_inner width=&#8221;1\/2&#8243;][vc_column_text]<\/p>\n<h4>Vision<\/h4>\n<p>Wir wollen die innovativste Ideen- und Talentschmiede von und f\u00fcr junge\u00a0ExpertInnen sein und ihnen als inklusive Plattform die M\u00f6glichkeit geben, au\u00dfen-\u00a0und europapolitische Entscheidungen ma\u00dfgeblich zu beeinflussen.[\/vc_column_text][\/vc_column_inner][vc_column_inner width=&#8221;1\/2&#8243;][vc_column_text]<\/p>\n<h4>Mission<\/h4>\n<p>Als Grassroots-Thinktank brechen wir die etablierte Au\u00dfen- und Europapolitik\u00a0auf, entwickeln unvoreingenommen und ohne Zw\u00e4nge neue Ideen und verhelfen\u00a0ihnen zum Durchbruch. Als Bindeglied bringen wir in unserer Arbeit verschiedene\u00a0gesellschaftliche Gruppen zusammen und wirken so der wachsenden Kluft\u00a0zwischen ihnen entgegen.[\/vc_column_text][\/vc_column_inner][\/vc_row_inner][vc_row_inner el_class=&#8221;ueber-uns-buttons&#8221;][vc_column_inner][polis_button buttontext=&#8221;Unsere Satzung&#8221; buttonlink=&#8221;7219&#8243;][polis_button buttontext=&#8221;Unsere Gesch\u00e4ftsordnung&#8221; buttonlink=&#8221;http:\/\/polis180.org\/wp-content\/uploads\/2018\/05\/220907_GESCHAeFTSORDNUNG-FUeR-PROGRAMME.pdf&#8221; buttoncolor=&#8221;turquoise&#8221; buttontarget=&#8221;_blank&#8221;][polis_button buttontext=&#8221;Jahresbericht 2023&#8243; buttonlink=&#8221;https:\/\/nx38892.your-storageshare.de\/s\/CrSk6sFn3Q6WpAS&#8221; buttoncolor=&#8221;pink&#8221; buttontarget=&#8221;_blank&#8221;][polis_button buttontext=&#8221;Kontakt&#8221; buttonlink=&#8221;2346507&#8243; buttoncolor=&#8221;turquoise&#8221; buttontarget=&#8221;_blank&#8221; buttonalign=&#8221;center&#8221;][\/vc_column_inner][\/vc_row_inner][\/vc_column][\/vc_row][vc_row][vc_column][vc_empty_space height=&#8221;60px&#8221;][vc_column_text]<\/p>\n<h2 style=\"text-align: center;\">Pr\u00e4sidium &amp; Vorstand<\/h2>\n<p>[\/vc_column_text][vc_row_inner][vc_column_inner][vc_column_text]<\/p>\n<p style=\"text-align: center;\">Der Vorstand von Polis180 wird f\u00fcr einen Zeitraum von einem Jahr von der Mitgliederversammlung gew\u00e4hlt. Die letzte ordentliche Mitgliederversammlung fand am 12. Juli 2025 statt. Der Vorstand setzt sich zusammen aus zwei Pr\u00e4sident*innen, einem Schatzmeister oder einer Schatzmeisterin und bis zu zw\u00f6lf weiteren Mitgliedern. Der Vorstand f\u00fchrt die Gesch\u00e4fte im Sinne der Satzung sowie der Beschl\u00fcsse der Mitgliederversammlung. Seine Beschl\u00fcsse fasst der Vorstand mit einfacher Mehrheit.<\/p>\n<p>[\/vc_column_text][polis_button buttontext=&#8221;Organigramm&#8221; buttonlink=&#8221;https:\/\/polis180.org\/wp-content\/uploads\/2023\/10\/230814_Organigramm_Polis180-1448&#215;2048.png&#8221; buttoncolor=&#8221;turquoise&#8221; buttontarget=&#8221;_blank&#8221; buttonalign=&#8221;center&#8221;][vc_empty_space height=&#8221;60px&#8221;][\/vc_column_inner][\/vc_row_inner][\/vc_column][\/vc_row][vc_row][vc_column][polis_profile profileimage=&#8221;2348037&#8243; profilename=&#8221;ETIENNE H\u00d6RA (er\/ihn)&#8221; profileemail=&#8221;etienne.hoera`{`at`}`polis180.org&#8221; profileposition=&#8221;Pr\u00e4sident &#8211; Vereinsrecht, Personal &amp; Organisationsentwicklung&#8221; profiletwitter=&#8221;&#8221; profileinsta=&#8221;&#8221; profilelinked=&#8221;&#8221; profilefacebook=&#8221;&#8221; image=&#8221;23846&#8243; profiletext=&#8221;Mein text&#8221;]Etienne ist Pr\u00e4sident von Polis180. Er ist f\u00fcr institutionelle und rechtliche Themen verantwortlich und hat ein Auge auf die strategische Entwicklung des Vereins, damit junge Stimmen noch wirksamer in den au\u00dfen- und europapolitischen Diskurs getragen werden k\u00f6nnen. Dar\u00fcber hinaus unterst\u00fctzt er den Bereich Fundraising und Mittelakquise.<\/p>\n<p>Etienne hat in Freiburg, Aix-en-Provence, Berlin und Genf Internationale Beziehungen studiert. Er interessiert sich f\u00fcr die Schnittstellen zwischen europ\u00e4ischer Handels- und Au\u00dfenpolitik, besonders in Bezug auf China und die ASEAN-Staaten, sowie f\u00fcr Narrative in der chinesischen Au\u00dfenpolitik.[\/polis_profile][polis_profile profileimage=&#8221;23632&#8243; profilename=&#8221;LENA WITTENFELD (sie\/ihr)&#8221; profileemail=&#8221;lena.wittenfeld`{`at`}`polis180.org&#8221; profileposition=&#8221;Pr\u00e4sidentin &#8211; Fundraising, Personal &amp; Organisationsentwicklung&#8221; profiletwitter=&#8221;&#8221; profileinsta=&#8221;&#8221; profilelinked=&#8221;&#8221; profilefacebook=&#8221;&#8221; image=&#8221;23846&#8243; profiletext=&#8221;Mein text&#8221;]Lena ist seit 2020 Mitglied von Polis180 und leitete von 2023 bis 2025 das Programm \u201eGender und internationale Politik\u201c gemeinsam mit Lara und Linda. Au\u00dferdem ist sie Pr\u00e4sidentin von Polis180. In dieser Funktion unterst\u00fctzt Lena den Bereich des Fundraisings und ist f\u00fcr Personalangelegenheiten, f\u00fcr die Bereiche Wissensmanagement und Organisationsentwicklung sowie f\u00fcr die strategische Weiterentwicklung des Vereins zust\u00e4ndig.<\/p>\n<p>Im M\u00e4rz 2023 schloss Lena ihr Masterstudium \u201eDemocratic Governance and Civil Society\u201c an der Universit\u00e4t Osnabr\u00fcck ab. Derzeit arbeitet sie als wissenschaftliche Mitarbeiterin an der Universit\u00e4t Bielefeld und promoviert \u00fcber Feministische Au\u00dfenpolitik. In ihrer Forschung konzentriert sich Lena auf Themen an der Schnittstelle von Politischer Theorie, Internationalen Beziehungen und Gender Studies und interessiert sich besonders f\u00fcr feministische Internationale Beziehungen, (feministische) Au\u00dfenpolitik und verwandte Themen, f\u00fcr feministische und queere Theorien sowie f\u00fcr postkoloniale Feminismen.[\/polis_profile][polis_profile profileimage=&#8221;23632&#8243; profilename=&#8221;JONA GRIMM (er\/ihn)&#8221; profileemail=&#8221;jona.grimm`{`at`}`polis180.org&#8221; profileposition=&#8221;Schatzmeister &#8211; Finanzen, OpenTTN &amp; Internationales&#8221; profiletwitter=&#8221;&#8221; profileinsta=&#8221;&#8221; profilelinked=&#8221;&#8221; profilefacebook=&#8221;&#8221; image=&#8221;23846&#8243; profiletext=&#8221;Mein text&#8221;]Jona ist als Schatzmeister im Pr\u00e4sidium und au\u00dferdem f\u00fcr das OpenTTN und Internationales zust\u00e4ndig. Besonders interessieren ihn Themen rund um Technologie-, Wirtschafts- und Sicherheitspolitik. Nach seiner Arbeit als Programmkoordinator im Ausw\u00e4rtigen Amt und einer Diplomarbeit zu Quantum Machine Learning ist er nun Analyst f\u00fcr Geopolitik und Technologie an einer relevanten Europ\u00e4ischen Institution.[\/polis_profile][polis_profile profileimage=&#8221;23632&#8243; profilename=&#8221;Paul Great&#8221; profileemail=&#8221;great@polis180.org&#8221; profileposition=&#8221;Chef&#8221; profiletwitter=&#8221;https:\/\/twitter.com\/polis180&#8243; profileinsta=&#8221;https:\/\/www.instagram.com\/polis180\/&#8221; profilelinked=&#8221;https:\/\/de.linkedin.com\/company\/polis180-e-v-&#8221; profilefacebook=&#8221;https:\/\/www.facebook.com\/Polis180.de&#8221; image=&#8221;23846&#8243; profiletext=&#8221;Mein text&#8221;]Vehicula fringilla purus lectus egestas dapibus eu pulvinar. Senectus bibendum malesuada feugiat quam dignissim nostra duis. Nullam tempus turpis suscipit eu himenaeos tincidunt. Semper volutpat dui molestie primis rhoncus.<\/p>\n<p>Ex at mus <strong>quisque convallis ridiculus lorem<\/strong>. Felis cursus arcu tempus morbi vivamus lorem vehicula. Dignissim habitant neque molestie erat id adipiscing inceptos. Mollis ullamcorper orci ipsum laoreet auctor platea posuere ornare primis proin.[\/polis_profile][polis_profile profileimage=&#8221;23632&#8243; profilename=&#8221;Paul Great&#8221; profileemail=&#8221;great@polis180.org&#8221; profileposition=&#8221;Chef&#8221; profiletwitter=&#8221;https:\/\/twitter.com\/polis180&#8243; profileinsta=&#8221;https:\/\/www.instagram.com\/polis180\/&#8221; profilelinked=&#8221;https:\/\/de.linkedin.com\/company\/polis180-e-v-&#8221; profilefacebook=&#8221;https:\/\/www.facebook.com\/Polis180.de&#8221; image=&#8221;23846&#8243; profiletext=&#8221;Mein text&#8221;]Vehicula fringilla purus lectus egestas dapibus eu pulvinar. Senectus bibendum malesuada feugiat quam dignissim nostra duis. Nullam tempus turpis suscipit eu himenaeos tincidunt. Semper volutpat dui molestie primis rhoncus.<\/p>\n<p>Ex at mus <strong>quisque convallis ridiculus lorem<\/strong>. Felis cursus arcu tempus morbi vivamus lorem vehicula. Dignissim habitant neque molestie erat id adipiscing inceptos. Mollis ullamcorper orci ipsum laoreet auctor platea posuere ornare primis proin.[\/polis_profile][polis_profile profileimage=&#8221;23632&#8243; profilename=&#8221;Paul Great&#8221; profileemail=&#8221;great@polis180.org&#8221; profileposition=&#8221;Chef&#8221; profiletwitter=&#8221;https:\/\/twitter.com\/polis180&#8243; profileinsta=&#8221;https:\/\/www.instagram.com\/polis180\/&#8221; profilelinked=&#8221;https:\/\/de.linkedin.com\/company\/polis180-e-v-&#8221; profilefacebook=&#8221;https:\/\/www.facebook.com\/Polis180.de&#8221; image=&#8221;23846&#8243; profiletext=&#8221;Mein text&#8221;]Vehicula fringilla purus lectus egestas dapibus eu pulvinar. Senectus bibendum malesuada feugiat quam dignissim nostra duis. Nullam tempus turpis suscipit eu himenaeos tincidunt. Semper volutpat dui molestie primis rhoncus.<\/p>\n<p>Ex at mus <strong>quisque convallis ridiculus lorem<\/strong>. Felis cursus arcu tempus morbi vivamus lorem vehicula. Dignissim habitant neque molestie erat id adipiscing inceptos. Mollis ullamcorper orci ipsum laoreet auctor platea posuere ornare primis proin.[\/polis_profile][polis_profile profileimage=&#8221;23632&#8243; profilename=&#8221;Paul Great&#8221; profileemail=&#8221;great@polis180.org&#8221; profileposition=&#8221;Chef&#8221; profiletwitter=&#8221;https:\/\/twitter.com\/polis180&#8243; profileinsta=&#8221;https:\/\/www.instagram.com\/polis180\/&#8221; profilelinked=&#8221;https:\/\/de.linkedin.com\/company\/polis180-e-v-&#8221; profilefacebook=&#8221;https:\/\/www.facebook.com\/Polis180.de&#8221; image=&#8221;23846&#8243; profiletext=&#8221;Mein text&#8221;]Vehicula fringilla purus lectus egestas dapibus eu pulvinar. Senectus bibendum malesuada feugiat quam dignissim nostra duis. Nullam tempus turpis suscipit eu himenaeos tincidunt. Semper volutpat dui molestie primis rhoncus.<\/p>\n<p>Ex at mus <strong>quisque convallis ridiculus lorem<\/strong>. Felis cursus arcu tempus morbi vivamus lorem vehicula. Dignissim habitant neque molestie erat id adipiscing inceptos. Mollis ullamcorper orci ipsum laoreet auctor platea posuere ornare primis proin.[\/polis_profile][polis_profile profileimage=&#8221;23632&#8243; profilename=&#8221;Paul Great&#8221; profileemail=&#8221;great@polis180.org&#8221; profileposition=&#8221;Chef&#8221; profiletwitter=&#8221;https:\/\/twitter.com\/polis180&#8243; profileinsta=&#8221;https:\/\/www.instagram.com\/polis180\/&#8221; profilelinked=&#8221;https:\/\/de.linkedin.com\/company\/polis180-e-v-&#8221; profilefacebook=&#8221;https:\/\/www.facebook.com\/Polis180.de&#8221; image=&#8221;23846&#8243; profiletext=&#8221;Mein text&#8221;]Vehicula fringilla purus lectus egestas dapibus eu pulvinar. Senectus bibendum malesuada feugiat quam dignissim nostra duis. Nullam tempus turpis suscipit eu himenaeos tincidunt. Semper volutpat dui molestie primis rhoncus.<\/p>\n<p>Ex at mus <strong>quisque convallis ridiculus lorem<\/strong>. Felis cursus arcu tempus morbi vivamus lorem vehicula. Dignissim habitant neque molestie erat id adipiscing inceptos. Mollis ullamcorper orci ipsum laoreet auctor platea posuere ornare primis proin.[\/polis_profile][\/vc_column][\/vc_row][vc_row][vc_column][vc_empty_space height=&#8221;60px&#8221;][vc_column_text]<\/p>\n<h2>Gesch\u00e4ftsstelle<\/h2>\n<p>[\/vc_column_text][\/vc_column][\/vc_row][vc_row][vc_column][polis_profile profileimage=&#8221;23632&#8243; profilename=&#8221;Paul Great&#8221; profileemail=&#8221;great@polis180.org&#8221; profileposition=&#8221;Chef&#8221; profiletwitter=&#8221;https:\/\/twitter.com\/polis180&#8243; profileinsta=&#8221;https:\/\/www.instagram.com\/polis180\/&#8221; profilelinked=&#8221;https:\/\/de.linkedin.com\/company\/polis180-e-v-&#8221; profilefacebook=&#8221;https:\/\/www.facebook.com\/Polis180.de&#8221; image=&#8221;23846&#8243; profiletext=&#8221;Mein text&#8221;]Vehicula fringilla purus lectus egestas dapibus eu pulvinar. Senectus bibendum malesuada feugiat quam dignissim nostra duis. Nullam tempus turpis suscipit eu himenaeos tincidunt. Semper volutpat dui molestie primis rhoncus.<\/p>\n<p>Ex at mus <strong>quisque convallis ridiculus lorem<\/strong>. Felis cursus arcu tempus morbi vivamus lorem vehicula. Dignissim habitant neque molestie erat id adipiscing inceptos. Mollis ullamcorper orci ipsum laoreet auctor platea posuere ornare primis proin.[\/polis_profile][polis_profile profileimage=&#8221;23632&#8243; profilename=&#8221;Paul Great&#8221; profileemail=&#8221;great@polis180.org&#8221; profileposition=&#8221;Chef&#8221; profiletwitter=&#8221;https:\/\/twitter.com\/polis180&#8243; profileinsta=&#8221;https:\/\/www.instagram.com\/polis180\/&#8221; profilelinked=&#8221;https:\/\/de.linkedin.com\/company\/polis180-e-v-&#8221; profilefacebook=&#8221;https:\/\/www.facebook.com\/Polis180.de&#8221; image=&#8221;23846&#8243; profiletext=&#8221;Mein text&#8221;]Vehicula fringilla purus lectus egestas dapibus eu pulvinar. Senectus bibendum malesuada feugiat quam dignissim nostra duis. Nullam tempus turpis suscipit eu himenaeos tincidunt. Semper volutpat dui molestie primis rhoncus.<\/p>\n<p>Ex at mus <strong>quisque convallis ridiculus lorem<\/strong>. Felis cursus arcu tempus morbi vivamus lorem vehicula. Dignissim habitant neque molestie erat id adipiscing inceptos. Mollis ullamcorper orci ipsum laoreet auctor platea posuere ornare primis proin.[\/polis_profile][\/vc_column][\/vc_row][vc_row][vc_column][\/vc_column][\/vc_row][vc_row margin_top=&#8221;60px&#8221;][vc_column width=&#8221;1\/2&#8243;][vc_column_text]<\/p>\n<h2>Die Polis Story<\/h2>\n<p>Polis180 wurde im Juni 2015 von einer Gruppe junger Menschen mit diversen Hintergr\u00fcnden und politischen Einstellungen gegr\u00fcndet. Mittlerweile z\u00e4hlt Polis180 \u00fcber 650 Vereinsmitglieder. Unsere Altersgruppe ist es, die am l\u00e4ngsten mit den Konsequenzen aktueller politischer Entscheidungen leben muss. Daher m\u00f6chten wir gemeinsam au\u00dfen- und europapolitische Ideen diskutieren und weiterentwickeln. Unsere Vorschl\u00e4ge sollen von Entscheidungstr\u00e4ger*innen geh\u00f6rt werden.[\/vc_column_text][\/vc_column][vc_column width=&#8221;1\/2&#8243;][vc_single_image image=&#8221;2346441&#8243; img_size=&#8221;580&#215;0&#8243;][\/vc_column][\/vc_row]<\/p>\n<\/section>","protected":false},"excerpt":{"rendered":"<p>[vc_row][vc_column][vc_column_text] \u00dcber uns [\/vc_column_text][vc_single_image image=&#8221;2348187&#8243; img_size=&#8221;full&#8221;][\/vc_column][\/vc_row][vc_row el_class=&#8221;ueber-uns-textblock&#8221;][vc_column][vc_row_inner][vc_column_inner width=&#8221;1\/2&#8243;][vc_column_text] Vision Wir wollen die innovativste Ideen- und Talentschmiede von und f\u00fcr junge\u00a0ExpertInnen sein und ihnen als inklusive Plattform die M\u00f6glichkeit geben, au\u00dfen-\u00a0und europapolitische Entscheidungen ma\u00dfgeblich zu beeinflussen.[\/vc_column_text][\/vc_column_inner][vc_column_inner width=&#8221;1\/2&#8243;][vc_column_text] Mission Als Grassroots-Thinktank brechen wir die etablierte Au\u00dfen- und Europapolitik\u00a0auf, entwickeln unvoreingenommen und ohne Zw\u00e4nge neue Ideen und verhelfen\u00a0ihnen &#8230; <a title=\"\u00dcber uns\" class=\"read-more\" href=\"https:\/\/polis180.org\/ls\/ueber-uns\/\" aria-label=\"Read more about \u00dcber uns\">Read more<\/a><\/p>\n","protected":false},"author":256,"featured_media":0,"parent":0,"menu_order":0,"comment_status":"closed","ping_status":"closed","template":"","meta":{"inline_featured_image":false,"footnotes":""},"class_list":["post-2346464","page","type-page","status-publish"],"_links":{"self":[{"href":"https:\/\/polis180.org\/ls\/wp-json\/wp\/v2\/pages\/2346464","targetHints":{"allow":["GET"]}}],"collection":[{"href":"https:\/\/polis180.org\/ls\/wp-json\/wp\/v2\/pages"}],"about":[{"href":"https:\/\/polis180.org\/ls\/wp-json\/wp\/v2\/types\/page"}],"author":[{"embeddable":true,"href":"https:\/\/polis180.org\/ls\/wp-json\/wp\/v2\/users\/256"}],"replies":[{"embeddable":true,"href":"https:\/\/polis180.org\/ls\/wp-json\/wp\/v2\/comments?post=2346464"}],"version-history":[{"count":13,"href":"https:\/\/polis180.org\/ls\/wp-json\/wp\/v2\/pages\/2346464\/revisions"}],"predecessor-version":[{"id":2351824,"href":"https:\/\/polis180.org\/ls\/wp-json\/wp\/v2\/pages\/2346464\/revisions\/2351824"}],"wp:attachment":[{"href":"https:\/\/polis180.org\/ls\/wp-json\/wp\/v2\/media?parent=2346464"}],"curies":[{"name":"wp","href":"https:\/\/api.w.org\/{rel}","templated":true}]}}