{"id":2346453,"date":"2023-01-16T10:12:06","date_gmt":"2023-01-16T09:12:06","guid":{"rendered":"https:\/\/staging.polis180.civilisten.io\/?page_id=2346453"},"modified":"2023-02-09T11:56:49","modified_gmt":"2023-02-09T10:56:49","slug":"programme","status":"publish","type":"page","link":"https:\/\/polis180.org\/ls\/programme\/","title":{"rendered":"Programme"},"content":{"rendered":"<section class=\"wpb-content-wrapper\"><p>[vc_row el_class=&#8221;polis-programme-header&#8221;][vc_column][vc_column_text]<\/p>\n<h1 style=\"text-align: left;\">Unsere Programme leicht<\/h1>\n<p style=\"text-align: center;\">In den Programmen schl\u00e4gt das Herz unserer ehrenamtlichen Arbeit. Hier kommen wir zusammen, um Veranstaltungen auszurichten oder Publikationen zu planen.<\/p>\n<p style=\"text-align: center;\">Statt in Silos zu denken, wollen wir uns den gro\u00dfen Fragen unserer Zeit interdisziplin\u00e4r und vernetzt n\u00e4hern. Um uns besser organisieren zu k\u00f6nnen, formen unsere Teams thematische Cluster.<\/p>\n<p style=\"text-align: center;\">Jedes Programm umfasst mehrere thematische Schwerpunkte. Im Programm Beyond Berlin organisieren sich Arbeitsgruppen, die au\u00dferhalb der Hauptstadt aktiv sind.<\/p>\n<p>[\/vc_column_text][\/vc_column][\/vc_row][vc_row el_class=&#8221;polis-programme europa&#8221;][vc_column width=&#8221;3\/5&#8243;][vc_column_text]<\/p>\n<h2>EU.ROPA<\/h2>\n<p>[\/vc_column_text][vc_single_image image=&#8221;23707&#8243; img_size=&#8221;768&#215;0&#8243; add_caption=&#8221;yes&#8221;][vc_column_text]Ob Sicherheit oder Wirtschaft, die EU oder die L\u00e4nder der \u00d6stlichen Partnerschaft: Das Programm EU.ROPA besch\u00e4ftigt sich mit allen Fragen, die den europ\u00e4ischen Kontinent betreffen.<\/p>\n<p>Alle Publikationen zum Programm[\/vc_column_text][\/vc_column][vc_column width=&#8221;2\/5&#8243;][vc_column_text]<strong>IM FOKUS<\/strong><\/p>\n<hr \/>\n<h3><a href=\"\/sicherheits-und-verteidigungspolitik\/\">Sicherheits- und Verteidigungspolitik<\/a><\/h3>\n<hr \/>\n<h3>Europ\u00e4ische Identit\u00e4t<\/h3>\n<hr \/>\n<h3>Europ\u00e4ische Wirtschaftspolitik<\/h3>\n<hr \/>\n<h3>Perspektive Ost<\/h3>\n<p>[\/vc_column_text][\/vc_column][\/vc_row][vc_row el_class=&#8221;polis-programme globale-fragen&#8221;][vc_column width=&#8221;3\/5&#8243;][vc_column_text]<\/p>\n<h2>Globale Fragen<\/h2>\n<p>[\/vc_column_text][vc_single_image image=&#8221;23708&#8243; img_size=&#8221;768&#215;0&#8243; add_caption=&#8221;yes&#8221;][vc_column_text]Manche Herausforderungen lassen sich nur global l\u00f6sen. Klimawandel, Migration, Entwicklungspolitik \u2013 im Programm Globale Fragen nehmen wir die Ver\u00e4nderungen der internationalen Ordnung in den Blick.<\/p>\n<p>Alle Publikationen zum Programm[\/vc_column_text][\/vc_column][vc_column width=&#8221;2\/5&#8243;][vc_column_text]<strong>IM FOKUS<\/strong><\/p>\n<hr \/>\n<h3>Kulturpolitik<\/h3>\n<hr \/>\n<h3>Klima und Energie<\/h3>\n<hr \/>\n<h3>Digitalisierung und Cybersicherheit<\/h3>\n<hr \/>\n<h3>Gender und Internationale Politik<\/h3>\n<hr \/>\n<h3>Peace &amp; Conflict<\/h3>\n<hr \/>\n<h3>Religion und Au\u00dfenpolitik<\/h3>\n<hr \/>\n<h3>Migration<\/h3>\n<hr \/>\n<h3>De_Constructing Development<\/h3>\n<p>[\/vc_column_text][\/vc_column][\/vc_row][vc_row el_class=&#8221;polis-programme regionen-welt&#8221;][vc_column width=&#8221;3\/5&#8243;][vc_column_text]<\/p>\n<h2>Regionen der Welt<\/h2>\n<p>[\/vc_column_text][vc_single_image image=&#8221;23709&#8243; img_size=&#8221;768&#215;0&#8243; add_caption=&#8221;yes&#8221;][vc_column_text]Du interessierst Dich f\u00fcr die Parlamentswahlen in Korea? Die US-Politik treibt Dich um? Im Programm Regionen der Welt bieten wir denen eine Plattform, die f\u00fcr regionalspezifische Themen brennen.<\/p>\n<p>Alle Publikationen zum Programm[\/vc_column_text][\/vc_column][vc_column width=&#8221;2\/5&#8243;][vc_column_text]<strong>IM FOKUS<\/strong><\/p>\n<hr \/>\n<h3>The America(n)s<\/h3>\n<hr \/>\n<h3>connectingAsia<\/h3>\n<hr \/>\n<h3>WANA, Sahel &amp; Beyond<\/h3>\n<p>[\/vc_column_text][\/vc_column][\/vc_row][vc_row el_class=&#8221;polis-programme beyond-berlin&#8221;][vc_column width=&#8221;3\/5&#8243;][vc_column_text]<\/p>\n<h2>Beyond Berlin<\/h2>\n<p>[\/vc_column_text][vc_single_image image=&#8221;23706&#8243; img_size=&#8221;768&#215;0&#8243; add_caption=&#8221;yes&#8221;][vc_column_text]Polis180 ist l\u00e4ngst \u00fcber die Berliner Stadtgrenzen hinaus aktiv \u2013 durch digitale Angebote, aber auch durch lokal verankerte Arbeitsgruppen in anderen St\u00e4dten. Im Programm Beyond Berlin unterst\u00fctzen wir die Gr\u00fcndung neuer Regio-Gruppen.[\/vc_column_text][\/vc_column][vc_column width=&#8221;2\/5&#8243;][vc_column_text]<strong>IM FOKUS<\/strong><\/p>\n<hr \/>\n<h3>Rheinland<\/h3>\n<hr \/>\n<h3>M\u00fcnchen<\/h3>\n<p>[\/vc_column_text][\/vc_column][\/vc_row][vc_row][vc_column][polis_button buttontext=&#8221;Alle Publikationen zum Programm&#8221; buttonlink=&#8221;23945&#8243; buttonstyle=&#8221;linkarrow&#8221;][\/vc_column][\/vc_row]<\/p>\n<\/section>","protected":false},"excerpt":{"rendered":"<p>[vc_row el_class=&#8221;polis-programme-header&#8221;][vc_column][vc_column_text] Unsere Programme leicht In den Programmen schl\u00e4gt das Herz unserer ehrenamtlichen Arbeit. Hier kommen wir zusammen, um Veranstaltungen auszurichten oder Publikationen zu planen. Statt in Silos zu denken, wollen wir uns den gro\u00dfen Fragen unserer Zeit interdisziplin\u00e4r und vernetzt n\u00e4hern. Um uns besser organisieren zu k\u00f6nnen, formen unsere Teams thematische Cluster. Jedes Programm &#8230; <a title=\"Programme\" class=\"read-more\" href=\"https:\/\/polis180.org\/ls\/programme\/\" aria-label=\"Read more about Programme\">Read more<\/a><\/p>\n","protected":false},"author":256,"featured_media":0,"parent":0,"menu_order":0,"comment_status":"closed","ping_status":"closed","template":"","meta":{"inline_featured_image":false,"footnotes":""},"class_list":["post-2346453","page","type-page","status-publish"],"_links":{"self":[{"href":"https:\/\/polis180.org\/ls\/wp-json\/wp\/v2\/pages\/2346453","targetHints":{"allow":["GET"]}}],"collection":[{"href":"https:\/\/polis180.org\/ls\/wp-json\/wp\/v2\/pages"}],"about":[{"href":"https:\/\/polis180.org\/ls\/wp-json\/wp\/v2\/types\/page"}],"author":[{"embeddable":true,"href":"https:\/\/polis180.org\/ls\/wp-json\/wp\/v2\/users\/256"}],"replies":[{"embeddable":true,"href":"https:\/\/polis180.org\/ls\/wp-json\/wp\/v2\/comments?post=2346453"}],"version-history":[{"count":3,"href":"https:\/\/polis180.org\/ls\/wp-json\/wp\/v2\/pages\/2346453\/revisions"}],"predecessor-version":[{"id":2346498,"href":"https:\/\/polis180.org\/ls\/wp-json\/wp\/v2\/pages\/2346453\/revisions\/2346498"}],"wp:attachment":[{"href":"https:\/\/polis180.org\/ls\/wp-json\/wp\/v2\/media?parent=2346453"}],"curies":[{"name":"wp","href":"https:\/\/api.w.org\/{rel}","templated":true}]}}