{"id":2346451,"date":"2023-01-11T14:35:27","date_gmt":"2023-01-11T13:35:27","guid":{"rendered":"https:\/\/staging.polis180.civilisten.io\/?page_id=2346451"},"modified":"2023-02-08T16:13:11","modified_gmt":"2023-02-08T15:13:11","slug":"start","status":"publish","type":"page","link":"https:\/\/polis180.org\/ls\/","title":{"rendered":"Start"},"content":{"rendered":"<section class=\"wpb-content-wrapper\"><p>[vc_row equal_height=&#8221;yes&#8221; inner_container=&#8221;no&#8221; el_class=&#8221;polis-header&#8221;][vc_column width=&#8221;1\/2&#8243;][vc_single_image image=&#8221;2346443&#8243; img_size=&#8221;full&#8221; full_width=&#8221;yes&#8221;][\/vc_column][vc_column width=&#8221;1\/2&#8243;][vc_column_text]<\/p>\n<h1>Wir sind Dein Grassroots-Thinktank f\u00fcr Au\u00dfen- und Europapolitik.<\/h1>\n<p>[\/vc_column_text][\/vc_column][\/vc_row][vc_row equal_height=&#8221;yes&#8221; type=&#8221;color&#8221; bg_color=&#8221;#1e1450&#8243; el_class=&#8221;polis-header-infoboxes&#8221;][vc_column width=&#8221;1\/3&#8243; css=&#8221;.vc_custom_1673452496845{background-color: #1e1450 !important;}&#8221;][vc_single_image image=&#8221;23617&#8243; img_size=&#8221;&#8221;][vc_column_text]Wir machen junge Stimmen in der Au\u00dfen- und Europapolitik h\u00f6rbar.[\/vc_column_text][\/vc_column][vc_column width=&#8221;1\/3&#8243; css=&#8221;.vc_custom_1673452104612{background-color: #1e1450 !important;}&#8221;][vc_single_image image=&#8221;23616&#8243; img_size=&#8221;&#8221;][vc_column_text]Innovativ, partizipativ, inklusiv \u2013 so mischen wir uns in den politischen Diskurs ein. Und treten an Entscheidungstr\u00e4ger*innen heran.[\/vc_column_text][\/vc_column][vc_column width=&#8221;1\/3&#8243; css=&#8221;.vc_custom_1673452160310{background-color: #1e1450 !important;}&#8221;][vc_single_image image=&#8221;23615&#8243; img_size=&#8221;&#8221;][vc_column_text]In thematischen Programmen und mit kreativen Formaten kannst Du Deine Ideen einbringen.[\/vc_column_text][\/vc_column][\/vc_row][vc_row][vc_column width=&#8221;1\/2&#8243;][vc_column_text]<\/p>\n<h2>Unsere Programme<\/h2>\n<p>Wir arbeiten in vier verschiedenen Programmen und denken global, regional, europ\u00e4isch. Du m\u00f6chtest Teil der Community werden, lebst aber nicht in Berlin? F\u00fcr Dich haben wir das Programm \u201cBeyond Berlin\u201d erfunden.[\/vc_column_text][polis_button buttontext=&#8221;Entdecke unsere Programme&#8221; buttonlink=&#8221;23669&#8243;][\/vc_column][vc_column width=&#8221;1\/2&#8243; el_class=&#8221;polis-programs-images&#8221;][vc_row_inner][vc_column_inner width=&#8221;1\/2&#8243;][vc_single_image image=&#8221;23630&#8243; img_size=&#8221;&#8221; add_caption=&#8221;yes&#8221; title=&#8221;Eu.ropa&#8221;][\/vc_column_inner][vc_column_inner width=&#8221;1\/2&#8243;][vc_single_image image=&#8221;23633&#8243; img_size=&#8221;&#8221; add_caption=&#8221;yes&#8221; title=&#8221;Globale Fragen&#8221;][\/vc_column_inner][\/vc_row_inner][vc_row_inner][vc_column_inner width=&#8221;1\/2&#8243;][vc_single_image image=&#8221;23632&#8243; img_size=&#8221;&#8221; title=&#8221;Regionen der Welt&#8221;][\/vc_column_inner][vc_column_inner width=&#8221;1\/2&#8243;][vc_single_image image=&#8221;23628&#8243; img_size=&#8221;&#8221; title=&#8221;Beyond Berlin&#8221;][\/vc_column_inner][\/vc_row_inner][\/vc_column][\/vc_row][vc_row][vc_column][vc_empty_space height=&#8221;60px&#8221;][vc_column_text]<\/p>\n<h2>Aktuelle Publikationen<\/h2>\n<p>[\/vc_column_text][\/vc_column][\/vc_row][vc_row][vc_column][vc_empty_space height=&#8221;60px&#8221;][vc_empty_space height=&#8221;60px&#8221;][\/vc_column][\/vc_row][vc_row][vc_column width=&#8221;1\/2&#8243;][vc_column_text]<\/p>\n<h2>Unser Partner*innen<\/h2>\n<p>Wer Politik gestalten will, braucht Verb\u00fcndete. Deshalb arbeiten wir mit Organisationen, Institutionen, Unternehmen und vielen anderen Akteur*innen zusammen, um unsere Ziele zu erreichen.[\/vc_column_text][polis_button buttontext=&#8221;Lerne unser Netzwerk kennen&#8221; buttonlink=&#8221;https:\/\/hjunker.com&#8221; buttontarget=&#8221;_blank&#8221;][\/vc_column][vc_column width=&#8221;1\/2&#8243;][vc_images_carousel images=&#8221;23846,23848,23847,23845&#8243; img_size=&#8221;full&#8221; onclick=&#8221;link_no&#8221; autoplay=&#8221;yes&#8221; wrap=&#8221;yes&#8221; scroll_fx=&#8221;&#8221; animation=&#8221;&#8221; min_items=&#8221;&#8221; max_items=&#8221;&#8221; items_width=&#8221;&#8221; el_class=&#8221;partner-logos&#8221;][\/vc_column][\/vc_row]<\/p>\n<\/section>","protected":false},"excerpt":{"rendered":"<p>[vc_row equal_height=&#8221;yes&#8221; inner_container=&#8221;no&#8221; el_class=&#8221;polis-header&#8221;][vc_column width=&#8221;1\/2&#8243;][vc_single_image image=&#8221;2346443&#8243; img_size=&#8221;full&#8221; full_width=&#8221;yes&#8221;][\/vc_column][vc_column width=&#8221;1\/2&#8243;][vc_column_text] Wir sind Dein Grassroots-Thinktank f\u00fcr Au\u00dfen- und Europapolitik. [\/vc_column_text][\/vc_column][\/vc_row][vc_row equal_height=&#8221;yes&#8221; type=&#8221;color&#8221; bg_color=&#8221;#1e1450&#8243; el_class=&#8221;polis-header-infoboxes&#8221;][vc_column width=&#8221;1\/3&#8243; css=&#8221;.vc_custom_1673452496845{background-color: #1e1450 !important;}&#8221;][vc_single_image image=&#8221;23617&#8243; img_size=&#8221;&#8221;][vc_column_text]Wir machen junge Stimmen in der Au\u00dfen- und Europapolitik h\u00f6rbar.[\/vc_column_text][\/vc_column][vc_column width=&#8221;1\/3&#8243; css=&#8221;.vc_custom_1673452104612{background-color: #1e1450 !important;}&#8221;][vc_single_image image=&#8221;23616&#8243; img_size=&#8221;&#8221;][vc_column_text]Innovativ, partizipativ, inklusiv \u2013 so mischen wir uns in den politischen Diskurs ein. &#8230; <a title=\"Start\" class=\"read-more\" href=\"https:\/\/polis180.org\/ls\/\" aria-label=\"Read more about Start\">Read more<\/a><\/p>\n","protected":false},"author":256,"featured_media":0,"parent":0,"menu_order":0,"comment_status":"closed","ping_status":"closed","template":"","meta":{"inline_featured_image":false,"footnotes":""},"class_list":["post-2346451","page","type-page","status-publish"],"_links":{"self":[{"href":"https:\/\/polis180.org\/ls\/wp-json\/wp\/v2\/pages\/2346451","targetHints":{"allow":["GET"]}}],"collection":[{"href":"https:\/\/polis180.org\/ls\/wp-json\/wp\/v2\/pages"}],"about":[{"href":"https:\/\/polis180.org\/ls\/wp-json\/wp\/v2\/types\/page"}],"author":[{"embeddable":true,"href":"https:\/\/polis180.org\/ls\/wp-json\/wp\/v2\/users\/256"}],"replies":[{"embeddable":true,"href":"https:\/\/polis180.org\/ls\/wp-json\/wp\/v2\/comments?post=2346451"}],"version-history":[{"count":1,"href":"https:\/\/polis180.org\/ls\/wp-json\/wp\/v2\/pages\/2346451\/revisions"}],"predecessor-version":[{"id":2346452,"href":"https:\/\/polis180.org\/ls\/wp-json\/wp\/v2\/pages\/2346451\/revisions\/2346452"}],"wp:attachment":[{"href":"https:\/\/polis180.org\/ls\/wp-json\/wp\/v2\/media?parent=2346451"}],"curies":[{"name":"wp","href":"https:\/\/api.w.org\/{rel}","templated":true}]}}